{"id":1059,"date":"2018-10-16T14:02:05","date_gmt":"2018-10-16T12:02:05","guid":{"rendered":"https:\/\/kieblerag.ch\/wp2018\/?page_id=1059"},"modified":"2018-10-25T09:13:04","modified_gmt":"2018-10-25T07:13:04","slug":"service","status":"publish","type":"page","link":"https:\/\/kieblerag.ch\/fr\/service\/","title":{"rendered":"Service"},"content":{"rendered":"<div id=\"pl-1059\"  class=\"panel-layout\" ><div id=\"pg-1059-0\"  class=\"panel-grid panel-has-style\" ><div class=\"siteorigin-panels-stretch panel-row-style panel-row-style-for-1059-0\" data-stretch-type=\"full\" ><div id=\"pgc-1059-0-0\"  class=\"panel-grid-cell\" ><div id=\"panel-1059-0-0-0\" class=\"so-panel widget widget_sow-editor panel-first-child panel-last-child\" data-index=\"0\" ><div\n\t\t\t\n\t\t\tclass=\"so-widget-sow-editor so-widget-sow-editor-base\"\n\t\t\t\n\t\t>\n<div class=\"siteorigin-widget-tinymce textwidget\">\n\t<h1>Service<\/h1>\n<\/div>\n<\/div><\/div><\/div><\/div><\/div><div id=\"pg-1059-1\"  class=\"panel-grid panel-has-style\" ><div class=\"siteorigin-panels-stretch panel-row-style panel-row-style-for-1059-1\" data-stretch-type=\"full\" ><div id=\"pgc-1059-1-0\"  class=\"panel-grid-cell\" ><div class=\"panel-cell-style panel-cell-style-for-1059-1-0\" ><div id=\"panel-1059-1-0-0\" class=\"so-panel widget widget_sow-editor panel-first-child panel-last-child\" data-index=\"1\" ><div\n\t\t\t\n\t\t\tclass=\"so-widget-sow-editor so-widget-sow-editor-base\"\n\t\t\t\n\t\t>\n<div class=\"siteorigin-widget-tinymce textwidget\">\n\t<p>La prestation de service KIEBLER d\u00e9marre d\u00e8s le premier entretien : nous trouvons ensemble avec vous la solution qui r\u00e9pond aux mieux \u00e0 vos objectifs avec le plus d\u2019efficacit\u00e9. Par la suite, nous nous engageons \u00e0 vos c\u00f4t\u00e9s, planifions avec vous et sommes votre partenaire apr\u00e8s l\u2019achat : selon un plan d\u00e9fini ou \u00e0 chaque fois que vous avez besoin. Nos techniciens de service et installateurs-monteurs sont disponibles tous les jours de l\u2019ann\u00e9e pour vous servir. Comme nous produisons chez nous sur le site de Zihlschlacht, les pi\u00e8ces de rechange sont rapidement disponibles.<\/p>\n<\/div>\n<\/div><\/div><\/div><\/div><div id=\"pgc-1059-1-1\"  class=\"panel-grid-cell\" ><div class=\"panel-cell-style panel-cell-style-for-1059-1-1\" ><div id=\"panel-1059-1-1-0\" class=\"so-panel widget widget_sow-editor panel-first-child panel-last-child\" data-index=\"2\" ><div class=\"panel-widget-style panel-widget-style-for-1059-1-1-0\" ><div\n\t\t\t\n\t\t\tclass=\"so-widget-sow-editor so-widget-sow-editor-base\"\n\t\t\t\n\t\t>\n<div class=\"siteorigin-widget-tinymce textwidget\">\n\t<\/div>\n<\/div><\/div><\/div><\/div><\/div><\/div><\/div><\/div>","protected":false},"excerpt":{"rendered":"<p>Service La prestation de service KIEBLER d\u00e9marre d\u00e8s le premier entretien : nous trouvons ensemble avec &hellip;<\/p>\n<p class=\"p-button\"><a class=\"button-weiss\" href=\"https:\/\/kieblerag.ch\/fr\/service\/\">continuer<\/a><\/p>\n","protected":false},"author":3,"featured_media":0,"parent":0,"menu_order":0,"comment_status":"closed","ping_status":"closed","template":"","meta":{"footnotes":""},"class_list":["post-1059","page","type-page","status-publish","hentry"],"_links":{"self":[{"href":"https:\/\/kieblerag.ch\/fr\/wp-json\/wp\/v2\/pages\/1059","targetHints":{"allow":["GET"]}}],"collection":[{"href":"https:\/\/kieblerag.ch\/fr\/wp-json\/wp\/v2\/pages"}],"about":[{"href":"https:\/\/kieblerag.ch\/fr\/wp-json\/wp\/v2\/types\/page"}],"author":[{"embeddable":true,"href":"https:\/\/kieblerag.ch\/fr\/wp-json\/wp\/v2\/users\/3"}],"replies":[{"embeddable":true,"href":"https:\/\/kieblerag.ch\/fr\/wp-json\/wp\/v2\/comments?post=1059"}],"version-history":[{"count":2,"href":"https:\/\/kieblerag.ch\/fr\/wp-json\/wp\/v2\/pages\/1059\/revisions"}],"predecessor-version":[{"id":1179,"href":"https:\/\/kieblerag.ch\/fr\/wp-json\/wp\/v2\/pages\/1059\/revisions\/1179"}],"wp:attachment":[{"href":"https:\/\/kieblerag.ch\/fr\/wp-json\/wp\/v2\/media?parent=1059"}],"curies":[{"name":"wp","href":"https:\/\/api.w.org\/{rel}","templated":true}]}}