{"id":1051,"date":"2018-10-16T14:00:32","date_gmt":"2018-10-16T12:00:32","guid":{"rendered":"https:\/\/kieblerag.ch\/wp2018\/?page_id=1051"},"modified":"2022-08-16T16:29:05","modified_gmt":"2022-08-16T14:29:05","slug":"carriere","status":"publish","type":"page","link":"https:\/\/kieblerag.ch\/fr\/carriere\/","title":{"rendered":"Carri\u00e8re"},"content":{"rendered":"<div id=\"pl-1051\"  class=\"panel-layout\" ><div id=\"pg-1051-0\"  class=\"panel-grid panel-has-style\" ><div class=\"siteorigin-panels-stretch panel-row-style panel-row-style-for-1051-0\" data-stretch-type=\"full\" ><div id=\"pgc-1051-0-0\"  class=\"panel-grid-cell\" ><div id=\"panel-1051-0-0-0\" class=\"so-panel widget widget_sow-editor panel-first-child panel-last-child\" data-index=\"0\" ><div\n\t\t\t\n\t\t\tclass=\"so-widget-sow-editor so-widget-sow-editor-base\"\n\t\t\t\n\t\t>\n<div class=\"siteorigin-widget-tinymce textwidget\">\n\t<h1>Carri\u00e8re<\/h1>\n<\/div>\n<\/div><\/div><\/div><\/div><\/div><div id=\"pg-1051-1\"  class=\"panel-grid panel-has-style\" ><div class=\"siteorigin-panels-stretch panel-row-style panel-row-style-for-1051-1\" data-stretch-type=\"full\" ><div id=\"pgc-1051-1-0\"  class=\"panel-grid-cell\" ><div class=\"panel-cell-style panel-cell-style-for-1051-1-0\" ><div id=\"panel-1051-1-0-0\" class=\"so-panel widget widget_sow-editor panel-first-child panel-last-child\" data-index=\"1\" ><div\n\t\t\t\n\t\t\tclass=\"so-widget-sow-editor so-widget-sow-editor-base\"\n\t\t\t\n\t\t>\n<div class=\"siteorigin-widget-tinymce textwidget\">\n\t<p>Seit \u00fcber 40 Jahren steht der Name Kiebler AG f\u00fcr Innovation, Qualit\u00e4t und Zuverl\u00e4ssigkeit im Bereich Krananlagen und Metallbau. Mit viel Engagement und Kompetenz entwickeln, produzieren und vermarkten wir Krananlagen und landwirtschaftliche Maschinen \u00abmade in Switzerland\u00bb. T\u00e4glich arbeiten wir an neuen Herausforderungen und entwickeln gemeinsam mit unseren Kunden massgeschneiderte L\u00f6sungen. Leidenschaft und Kompetenz ist die Basis f\u00fcr unseren Erfolg. Zur Erg\u00e4nzung unseres Teams suchen wir einen selbstst\u00e4ndigen, initiativen<\/p>\n<\/div>\n<\/div><\/div><\/div><\/div><div id=\"pgc-1051-1-1\"  class=\"panel-grid-cell\" ><div class=\"panel-cell-style panel-cell-style-for-1051-1-1\" ><div id=\"panel-1051-1-1-0\" class=\"so-panel widget widget_sow-editor panel-first-child panel-last-child\" data-index=\"2\" ><div class=\"panel-widget-style panel-widget-style-for-1051-1-1-0\" ><div\n\t\t\t\n\t\t\tclass=\"so-widget-sow-editor so-widget-sow-editor-base\"\n\t\t\t\n\t\t>\n<div class=\"siteorigin-widget-tinymce textwidget\">\n\t<\/div>\n<\/div><\/div><\/div><\/div><\/div><\/div><\/div><div id=\"pg-1051-2\"  class=\"panel-grid panel-has-style\" ><div class=\"siteorigin-panels-stretch panel-row-style panel-row-style-for-1051-2\" data-stretch-type=\"full\" ><div id=\"pgc-1051-2-0\"  class=\"panel-grid-cell\" ><div class=\"panel-cell-style panel-cell-style-for-1051-2-0\" ><div id=\"panel-1051-2-0-0\" class=\"so-panel widget widget_sow-editor panel-first-child\" data-index=\"3\" ><div\n\t\t\t\n\t\t\tclass=\"so-widget-sow-editor so-widget-sow-editor-base\"\n\t\t\t\n\t\t>\n<div class=\"siteorigin-widget-tinymce textwidget\">\n\t<p>Wir suchen per sofort oder nach Vereinbarung\u00a0eine\/n engagierte\/n<\/p>\n<h3><strong>Landmaschinenmechaniker<\/strong><br \/>\n<strong>Industriemechaniker<\/strong><\/h3>\n<p>In dieser vielseitigen und spannenden Funktion bauen Sie unsere H\u00e4ngedrehkr\u00e4ne von A-Z in unserem Werk zusammen. Von kleineren Baugruppen, \u00fcber diverse Hydraulikkomponenten bis hin zur kompletten Montage und Inbetriebnahme ist alles dabei. Ihr T\u00e4tigkeitsgebiet beinhaltet zudem die gelegentliche Wartung und Reparaturen von unseren Kranlagen.<br \/>\nDamit Sie diese Aufgaben erfolgreich bew\u00e4ltigen k\u00f6nnen, bringen Sie eine abgeschlossene technische Berufslehre, vorzugsweise im mechanischen Bereich mit. Kenntnisse in der Hydraulik sind ein Muss. Erfahrung in der Elektrotechnik erleichtern Ihnen den Einstieg.<\/p>\n<p>Wir bieten Ihnen sorgf\u00e4ltige Einarbeitung, einen sicheren Arbeitsplatz, ein gutes Betriebsklima und gute Chancen zur beruflichen Weiterbildung.<\/p>\n<p>Falls Sie sich f\u00fcr diese Funktion begeistern k\u00f6nnen, freuen wir uns auf Ihre Bewerbung.<\/p>\n<p>Senden Sie Ihre Unterlagen bitte an:<\/p>\n<p>KIEBLER AG<br \/>\nBj\u00f6rn Burkhard<br \/>\nLeiter Betrieb<br \/>\nUnterdorf 7\/9<br \/>\nCH-8588 Zihlschlacht,<\/p>\n<p>oder per Email an<br \/>\n<a href=\"mailto:b.burkhard@kieblerag.ch\">b.burkhard@kieblerag.ch<\/a><\/p>\n<\/div>\n<\/div><\/div><div id=\"panel-1051-2-0-1\" class=\"so-panel widget widget_sow-editor panel-last-child\" data-index=\"4\" ><div\n\t\t\t\n\t\t\tclass=\"so-widget-sow-editor so-widget-sow-editor-base\"\n\t\t\t\n\t\t>\n<div class=\"siteorigin-widget-tinymce textwidget\">\n\t<p>Wir suchen per sofort oder nach Vereinbarung eine\/n engagierte\/n<\/p>\n<h3><strong>Service-Techniker<\/strong><br \/>\n<strong>Landmaschinen-Mechaniker<\/strong><\/h3>\n<p>In dieser vielseitigen und spannenden Funktion stellen Sie einen optimalen Kundenservice sicher. Ihr T\u00e4tigkeitsgebiet beinhaltet die regelm\u00e4ssige Wartung und Reparaturen von unseren Kranlagen. Dabei \u00fcbernehmen Sie Verantwortung vor Ort bei Kunden im In- und im benachbarten Ausland.<br \/>\nDamit Sie diese Aufgaben erfolgreich bew\u00e4ltigen k\u00f6nnen, bringen Sie eine abgeschlossene technische Berufslehre, vorzugsweise im mechanischen Bereich mit. Kenntnisse in Hydraulik und Elektrotechnik erleichtern Ihnen den Einstieg. Sie sind es gewohnt auf unbekannte Situationen zielgerichtet einzugehen. Ein Bezug zur Landwirtschaft hilft Ihnen, mit den Kunden zu kommunizieren und sie kompetent zu beraten.<\/p>\n<p>Wir bieten Ihnen sorgf\u00e4ltige Einarbeitung, einen sicheren Arbeitsplatz, ein gutes Betriebsklima und gute Chancen zur beruflichen Weiterbildung.<\/p>\n<p>Falls Sie sich f\u00fcr diese Funktion begeistern k\u00f6nnen, freuen wir uns auf Ihre Bewerbung.<\/p>\n<p>Senden Sie Ihre Unterlagen bitte an:<\/p>\n<p>KIEBLER AG<br \/>\nBj\u00f6rn Burkhard<br \/>\nLeiter Betrieb<br \/>\nUnterdorf 7\/9<br \/>\nCH-8588 Zihlschlacht,<\/p>\n<p>oder per Email an<br \/>\n<a href=\"mailto:b.burkhard@kieblerag.ch\">b.burkhard@kieblerag.ch<\/a><\/p>\n<\/div>\n<\/div><\/div><\/div><\/div><\/div><\/div><\/div>","protected":false},"excerpt":{"rendered":"<p>Carri\u00e8re Seit \u00fcber 40 Jahren steht der Name Kiebler AG f\u00fcr Innovation, Qualit\u00e4t und Zuverl\u00e4ssigkeit im &hellip;<\/p>\n<p class=\"p-button\"><a class=\"button-weiss\" href=\"https:\/\/kieblerag.ch\/fr\/carriere\/\">continuer<\/a><\/p>\n","protected":false},"author":3,"featured_media":0,"parent":0,"menu_order":0,"comment_status":"closed","ping_status":"closed","template":"","meta":{"footnotes":""},"class_list":["post-1051","page","type-page","status-publish","hentry"],"_links":{"self":[{"href":"https:\/\/kieblerag.ch\/fr\/wp-json\/wp\/v2\/pages\/1051","targetHints":{"allow":["GET"]}}],"collection":[{"href":"https:\/\/kieblerag.ch\/fr\/wp-json\/wp\/v2\/pages"}],"about":[{"href":"https:\/\/kieblerag.ch\/fr\/wp-json\/wp\/v2\/types\/page"}],"author":[{"embeddable":true,"href":"https:\/\/kieblerag.ch\/fr\/wp-json\/wp\/v2\/users\/3"}],"replies":[{"embeddable":true,"href":"https:\/\/kieblerag.ch\/fr\/wp-json\/wp\/v2\/comments?post=1051"}],"version-history":[{"count":18,"href":"https:\/\/kieblerag.ch\/fr\/wp-json\/wp\/v2\/pages\/1051\/revisions"}],"predecessor-version":[{"id":3353,"href":"https:\/\/kieblerag.ch\/fr\/wp-json\/wp\/v2\/pages\/1051\/revisions\/3353"}],"wp:attachment":[{"href":"https:\/\/kieblerag.ch\/fr\/wp-json\/wp\/v2\/media?parent=1051"}],"curies":[{"name":"wp","href":"https:\/\/api.w.org\/{rel}","templated":true}]}}