{"id":1047,"date":"2018-10-16T13:59:52","date_gmt":"2018-10-16T11:59:52","guid":{"rendered":"https:\/\/kieblerag.ch\/wp2018\/?page_id=1047"},"modified":"2025-12-24T02:54:38","modified_gmt":"2025-12-24T01:54:38","slug":"home","status":"publish","type":"page","link":"https:\/\/kieblerag.ch\/fr\/","title":{"rendered":"Accueil"},"content":{"rendered":"<div id=\"pl-1047\"  class=\"panel-layout\" ><div id=\"pg-1047-0\"  class=\"panel-grid panel-has-style\" ><div class=\"siteorigin-panels-stretch panel-row-style panel-row-style-for-1047-0\" data-stretch-type=\"full\" ><div id=\"pgc-1047-0-0\"  class=\"panel-grid-cell\" ><div class=\"panel-cell-style panel-cell-style-for-1047-0-0\" ><div id=\"panel-1047-0-0-0\" class=\"so-panel widget widget_sow-image panel-first-child panel-last-child\" data-index=\"0\" ><div\n\t\t\t\n\t\t\tclass=\"so-widget-sow-image so-widget-sow-image-default-8b5b6f678277-1047\"\n\t\t\t\n\t\t>\n<div class=\"sow-image-container\">\n\t\t\t<a href=\"https:\/\/kieblerag.ch\/fr\/news\/\"\n\t\t\t\t\t>\n\t\t\t<img \n\tsrc=\"https:\/\/kieblerag.ch\/wp2018\/wp-content\/uploads\/2024\/10\/News-Button-FR-1.png\" width=\"150\" height=\"150\" srcset=\"https:\/\/kieblerag.ch\/wp2018\/wp-content\/uploads\/2024\/10\/News-Button-FR-1.png 150w, https:\/\/kieblerag.ch\/wp2018\/wp-content\/uploads\/2024\/10\/News-Button-FR-1-75x75.png 75w\" sizes=\"(max-width: 150px) 100vw, 150px\" title=\"News-Button-FR\" alt=\"\" \t\tclass=\"so-widget-image\"\/>\n\t\t\t<\/a><\/div>\n\n<\/div><\/div><\/div><\/div><div id=\"pgc-1047-0-1\"  class=\"panel-grid-cell\" ><div id=\"panel-1047-0-1-0\" class=\"so-panel widget widget_sow-editor panel-first-child panel-last-child\" data-index=\"1\" ><div\n\t\t\t\n\t\t\tclass=\"so-widget-sow-editor so-widget-sow-editor-base\"\n\t\t\t\n\t\t>\n<div class=\"siteorigin-widget-tinymce textwidget\">\n\t<h3>Montr\u00e9 en 240 secondes ce que nous pouvons faire pour vous : notre vid\u00e9o d'entreprise.<\/h3>\n<\/div>\n<\/div><\/div><\/div><div id=\"pgc-1047-0-2\"  class=\"panel-grid-cell\" ><div id=\"panel-1047-0-2-0\" class=\"so-panel widget widget_sow-editor panel-first-child panel-last-child\" data-index=\"2\" ><div\n\t\t\t\n\t\t\tclass=\"so-widget-sow-editor so-widget-sow-editor-base\"\n\t\t\t\n\t\t>\n<div class=\"siteorigin-widget-tinymce textwidget\">\n\t<div style=\"position:relative;width:100%;padding-top:56.25%;margin-bottom:0;\">\n  <iframe\n    title=\"YouTube video player\"\n    src=\"https:\/\/www.youtube.com\/embed\/ESxqfo-Fw58?si=9lb4e0pOGqzyAf9m\"\n    style=\"position:absolute;top:0;left:0;width:100%;height:100%;border:0;\"\n    frameborder=\"0\"\n    allowfullscreen><br \/>\n  <\/iframe>\n<\/div>\n<\/div>\n<\/div><\/div><\/div><\/div><\/div><div id=\"pg-1047-1\"  class=\"panel-grid panel-has-style\" ><div class=\"siteorigin-panels-stretch panel-row-style panel-row-style-for-1047-1\" data-stretch-type=\"full-width-stretch\" ><div id=\"pgc-1047-1-0\"  class=\"panel-grid-cell\" ><div id=\"panel-1047-1-0-0\" class=\"so-panel widget widget_rev-slider-widget widget_revslider panel-first-child panel-last-child\" data-index=\"3\" >\n\t\t\t\t<p class=\"rs-p-wp-fix\"><\/p>\n\t\t\t\t<sr7-module data-alias=\"homepage-fr\" data-id=\"2\" id=\"SR7_2_1\" data-version=\"6.7.53\">\n\t\t\t\t\t<sr7-adjuster><\/sr7-adjuster>\n\t\t\t\t\t<sr7-content>\n\t\t\t\t\t\t<sr7-slide id=\"SR7_2_1-4\" data-key=\"4\">\n\t\t\t\t\t\t\t<sr7-bg id=\"SR7_2_1-4-slidebg\" class=\"sr7-layer\"><noscript><img decoding=\"async\" src=\"https:\/\/kieblerag.ch\/wp2018\/wp-content\/uploads\/2018\/09\/Home-Slide_01-2000x1250.jpg\" alt=\"\" title=\"Home-Slide_01\"><\/noscript><\/sr7-bg>\n\t\t\t\t\t\t\t<sr7-txt id=\"SR7_2_1-4-3\" class=\"sr7-layer\"><h3>\u00abNotre KIEBLER offre une vue d\u2019ensemble parfaite, une large port\u00e9e et r\u00e9pond pr\u00e9cis\u00e9ment \u00e0 nos besoins. Sans oublier le service sensationnel!\u00bb\n<\/h3>\n<p>\nTobias Zurfluh | Directeur suppl\u00e9ant | ezb AG Bubendorf<\/p><\/sr7-txt>\n\t\t\t\t\t\t<\/sr7-slide>\n\t\t\t\t\t\t<sr7-slide id=\"SR7_2_1-5\" data-key=\"5\">\n\t\t\t\t\t\t\t<sr7-bg id=\"SR7_2_1-5-slidebg\" class=\"sr7-layer\"><noscript><img decoding=\"async\" src=\"https:\/\/kieblerag.ch\/wp2018\/wp-content\/uploads\/2018\/09\/Home-Slide_03-2000x1250.jpg\" alt=\"\" title=\"Home-Slide_03\"><\/noscript><\/sr7-bg>\n\t\t\t\t\t\t\t<sr7-txt id=\"SR7_2_1-5-3\" class=\"sr7-layer\"><h3>\u00abJe peux compter entierment sur ma grue a foin. egalement parceque l\u2019equipe service de Kiebler est disponible \u00e0 tout moment at operationelle 'au quart de tour'.\u00bb\n<\/h3>\n<p>August Ebneter | L\u00f6mmenschwil<\/p><\/sr7-txt>\n\t\t\t\t\t\t<\/sr7-slide>\n\t\t\t\t\t\t<sr7-slide id=\"SR7_2_1-6\" data-key=\"6\">\n\t\t\t\t\t\t\t<sr7-bg id=\"SR7_2_1-6-slidebg\" class=\"sr7-layer\"><noscript><img decoding=\"async\" src=\"https:\/\/kieblerag.ch\/wp2018\/wp-content\/uploads\/2018\/09\/Home-Slide_02-2000x1250.jpg\" alt=\"\" title=\"Home-Slide_02\"><\/noscript><\/sr7-bg>\n\t\t\t\t\t\t\t<sr7-txt id=\"SR7_2_1-6-3\" class=\"sr7-layer\"><h3>\u00abCe que j'aime par dessous tout chez Kiebler, c'est la haute qualit\u00e9 de production, l'excellent rapport qualit\u00e9 \/ prix et le service complet.\u00bb\n<\/h3>\n<p>Roman Widler | Mettlen<\/p><\/sr7-txt>\n\t\t\t\t\t\t<\/sr7-slide>\n\t\t\t\t\t<\/sr7-content>\n\t\t\t\t<\/sr7-module>\n\t\t\t\t<script>\n\t\t\t\t\twindow.SR7 ??={};SR7.PMH ??={}; SR7.PMH[\"SR7_2_1\"] = {cn:100,state:false,fn: function() { if (window._tpt!==undefined && window._tpt.prepareModuleHeight !== undefined) {  _tpt.prepareModuleHeight({id:\"SR7_2_1\",el:[],type:'standard',shdw:'0',gh:[800,800,800,600],gw:[1024,1024,1024,480],vpt:['-200px'],size:{fullWidth:true, fullHeight:false},mh:'0',onh:0,onw:0,bg:{color:'transparent'},plType:'2',plColor:'#FFFFFF'});   SR7.PMH[\"SR7_2_1\"].state=true;} else if(SR7.PMH[\"SR7_2_1\"].cn-->0)\tsetTimeout( SR7.PMH[\"SR7_2_1\"].fn,19);}};SR7.PMH[\"SR7_2_1\" ].fn();\n\t\t\t\t<\/script>\n<\/div><\/div><\/div><\/div><div id=\"pg-1047-2\"  class=\"panel-grid panel-has-style\" ><div class=\"siteorigin-panels-stretch panel-row-style panel-row-style-for-1047-2\" data-stretch-type=\"full\" ><div id=\"pgc-1047-2-0\"  class=\"panel-grid-cell\" ><div id=\"panel-1047-2-0-0\" class=\"so-panel widget widget_sow-image panel-first-child\" data-index=\"4\" ><div\n\t\t\t\n\t\t\tclass=\"so-widget-sow-image so-widget-sow-image-default-c67d20f9f743-1047\"\n\t\t\t\n\t\t>\n<div class=\"sow-image-container\">\n\t\t<img \n\tsrc=\"https:\/\/kieblerag.ch\/wp2018\/wp-content\/uploads\/2018\/06\/kiebler-logo.png\" width=\"400\" height=\"165\" srcset=\"https:\/\/kieblerag.ch\/wp2018\/wp-content\/uploads\/2018\/06\/kiebler-logo.png 400w, https:\/\/kieblerag.ch\/wp2018\/wp-content\/uploads\/2018\/06\/kiebler-logo-300x124.png 300w\" sizes=\"(max-width: 400px) 100vw, 400px\" alt=\"\" \t\tclass=\"so-widget-image\"\/>\n\t<\/div>\n\n<\/div><\/div><div id=\"panel-1047-2-0-1\" class=\"so-panel widget widget_sow-editor panel-last-child\" data-index=\"5\" ><div\n\t\t\t\n\t\t\tclass=\"so-widget-sow-editor so-widget-sow-editor-base\"\n\t\t\t\n\t\t>\n<div class=\"siteorigin-widget-tinymce textwidget\">\n\t<h4 style=\"text-align: center;\">Gr\u00e2ce \u00e0 ses solutions flexibles, KIEBLER est LA r\u00e9f\u00e9rence dans le domaine de la construction de grues sur mesure.<\/h4>\n<\/div>\n<\/div><\/div><\/div><\/div><\/div><div id=\"pg-1047-3\"  class=\"panel-grid panel-has-style\" ><div class=\"siteorigin-panels-stretch panel-row-style panel-row-style-for-1047-3\" data-stretch-type=\"full-width-stretch\" ><div id=\"pgc-1047-3-0\"  class=\"panel-grid-cell\" ><div class=\"panel-cell-style panel-cell-style-for-1047-3-0\" ><div id=\"panel-1047-3-0-0\" class=\"so-panel widget widget_sow-image panel-first-child\" data-index=\"6\" ><div\n\t\t\t\n\t\t\tclass=\"so-widget-sow-image so-widget-sow-image-default-8b5b6f678277-1047\"\n\t\t\t\n\t\t>\n<div class=\"sow-image-container\">\n\t\t\t<a href=\"https:\/\/kieblerag.ch\/unternehmen\/\"\n\t\t\t\t\t>\n\t\t\t<img \n\tsrc=\"https:\/\/kieblerag.ch\/wp2018\/wp-content\/uploads\/2018\/06\/platzhalter.jpg\" width=\"1500\" height=\"1000\" srcset=\"https:\/\/kieblerag.ch\/wp2018\/wp-content\/uploads\/2018\/06\/platzhalter.jpg 1500w, https:\/\/kieblerag.ch\/wp2018\/wp-content\/uploads\/2018\/06\/platzhalter-300x200.jpg 300w, https:\/\/kieblerag.ch\/wp2018\/wp-content\/uploads\/2018\/06\/platzhalter-768x512.jpg 768w, https:\/\/kieblerag.ch\/wp2018\/wp-content\/uploads\/2018\/06\/platzhalter-1024x683.jpg 1024w, https:\/\/kieblerag.ch\/wp2018\/wp-content\/uploads\/2018\/06\/platzhalter-1000x667.jpg 1000w, https:\/\/kieblerag.ch\/wp2018\/wp-content\/uploads\/2018\/06\/platzhalter-272x182.jpg 272w\" sizes=\"(max-width: 1500px) 100vw, 1500px\" alt=\"\" \t\tclass=\"so-widget-image\"\/>\n\t\t\t<\/a><\/div>\n\n<\/div><\/div><div id=\"panel-1047-3-0-1\" class=\"so-panel widget widget_sow-editor\" data-index=\"7\" ><div class=\"panel-widget-style panel-widget-style-for-1047-3-0-1\" ><div\n\t\t\t\n\t\t\tclass=\"so-widget-sow-editor so-widget-sow-editor-base\"\n\t\t\t\n\t\t>\n<div class=\"siteorigin-widget-tinymce textwidget\">\n\t<h3>Entreprise<\/h3>\n<p>Depuis pr\u00e8s de quatre d\u00e9cennies, nous planifions, d\u00e9veloppons et construisons nos propres machines de fabrication, installations et pi\u00e8ces m\u00e9talliques selon des valeurs fondamentales : qualit\u00e9, fiabilit\u00e9 et robustesse.<\/p>\n<\/div>\n<\/div><\/div><\/div><div id=\"panel-1047-3-0-2\" class=\"so-panel widget widget_sow-button panel-last-child\" data-index=\"8\" ><div class=\"panel-widget-style panel-widget-style-for-1047-3-0-2\" ><div\n\t\t\t\n\t\t\tclass=\"so-widget-sow-button so-widget-sow-button-atom-ef6f1da60ece-1047\"\n\t\t\t\n\t\t><div class=\"ow-button-base ow-button-align-left\"\n>\n\t\t\t<a\n\t\t\t\t\thref=\"https:\/\/kieblerag.ch\/unternehmen\/\"\n\t\t\t\t\tclass=\"button sowb-button ow-icon-placement-left ow-button-hover\" \t>\n\t\t<span>\n\t\t\t\n\t\t\tPlus\t\t<\/span>\n\t\t\t<\/a>\n\t<\/div>\n<\/div><\/div><\/div><\/div><\/div><div id=\"pgc-1047-3-1\"  class=\"panel-grid-cell\" ><div class=\"panel-cell-style panel-cell-style-for-1047-3-1\" ><div id=\"panel-1047-3-1-0\" class=\"so-panel widget widget_sow-image panel-first-child\" data-index=\"9\" ><div\n\t\t\t\n\t\t\tclass=\"so-widget-sow-image so-widget-sow-image-default-8b5b6f678277-1047\"\n\t\t\t\n\t\t>\n<div class=\"sow-image-container\">\n\t\t\t<a href=\"https:\/\/kieblerag.ch\/landwirtschaft\/\"\n\t\t\t\t\t>\n\t\t\t<img \n\tsrc=\"https:\/\/kieblerag.ch\/wp2018\/wp-content\/uploads\/2021\/09\/IMG_4357-1500x1000.jpg\" width=\"1500\" height=\"1000\" srcset=\"https:\/\/kieblerag.ch\/wp2018\/wp-content\/uploads\/2021\/09\/IMG_4357-1500x1000.jpg 1500w, https:\/\/kieblerag.ch\/wp2018\/wp-content\/uploads\/2021\/09\/IMG_4357-2000x1333.jpg 2000w, https:\/\/kieblerag.ch\/wp2018\/wp-content\/uploads\/2021\/09\/IMG_4357-272x182.jpg 272w\" sizes=\"(max-width: 1500px) 100vw, 1500px\" title=\"Kiebler Heukran\" alt=\"\" \t\tclass=\"so-widget-image\"\/>\n\t\t\t<\/a><\/div>\n\n<\/div><\/div><div id=\"panel-1047-3-1-1\" class=\"so-panel widget widget_sow-editor\" data-index=\"10\" ><div class=\"panel-widget-style panel-widget-style-for-1047-3-1-1\" ><div\n\t\t\t\n\t\t\tclass=\"so-widget-sow-editor so-widget-sow-editor-base\"\n\t\t\t\n\t\t>\n<div class=\"siteorigin-widget-tinymce textwidget\">\n\t<h3>Agriculture<\/h3>\n<p>Pour chaque b\u00e2timent et chaque application : nous avons la grue \u00e0 foin qui convient, sinon, nous l\u2019adaptons selon vos besoins.<\/p>\n<\/div>\n<\/div><\/div><\/div><div id=\"panel-1047-3-1-2\" class=\"so-panel widget widget_sow-button panel-last-child\" data-index=\"11\" ><div class=\"panel-widget-style panel-widget-style-for-1047-3-1-2\" ><div\n\t\t\t\n\t\t\tclass=\"so-widget-sow-button so-widget-sow-button-atom-ef6f1da60ece-1047\"\n\t\t\t\n\t\t><div class=\"ow-button-base ow-button-align-left\"\n>\n\t\t\t<a\n\t\t\t\t\thref=\"https:\/\/kieblerag.ch\/landwirtschaft\/\"\n\t\t\t\t\tclass=\"button sowb-button ow-icon-placement-left ow-button-hover\" \t>\n\t\t<span>\n\t\t\t\n\t\t\tPlus\t\t<\/span>\n\t\t\t<\/a>\n\t<\/div>\n<\/div><\/div><\/div><\/div><\/div><div id=\"pgc-1047-3-2\"  class=\"panel-grid-cell\" ><div class=\"panel-cell-style panel-cell-style-for-1047-3-2\" ><div id=\"panel-1047-3-2-0\" class=\"so-panel widget widget_sow-image panel-first-child\" data-index=\"12\" ><div\n\t\t\t\n\t\t\tclass=\"so-widget-sow-image so-widget-sow-image-default-8b5b6f678277-1047\"\n\t\t\t\n\t\t>\n<div class=\"sow-image-container\">\n\t\t\t<a href=\"https:\/\/kieblerag.ch\/industrie-recycling\/\"\n\t\t\t\t\t>\n\t\t\t<img \n\tsrc=\"https:\/\/kieblerag.ch\/wp2018\/wp-content\/uploads\/2018\/06\/kiebler-industriekran.jpg\" width=\"1500\" height=\"1000\" srcset=\"https:\/\/kieblerag.ch\/wp2018\/wp-content\/uploads\/2018\/06\/kiebler-industriekran.jpg 1500w, https:\/\/kieblerag.ch\/wp2018\/wp-content\/uploads\/2018\/06\/kiebler-industriekran-300x200.jpg 300w, https:\/\/kieblerag.ch\/wp2018\/wp-content\/uploads\/2018\/06\/kiebler-industriekran-768x512.jpg 768w, https:\/\/kieblerag.ch\/wp2018\/wp-content\/uploads\/2018\/06\/kiebler-industriekran-1024x683.jpg 1024w, https:\/\/kieblerag.ch\/wp2018\/wp-content\/uploads\/2018\/06\/kiebler-industriekran-1000x667.jpg 1000w, https:\/\/kieblerag.ch\/wp2018\/wp-content\/uploads\/2018\/06\/kiebler-industriekran-272x182.jpg 272w\" sizes=\"(max-width: 1500px) 100vw, 1500px\" alt=\"\" \t\tclass=\"so-widget-image\"\/>\n\t\t\t<\/a><\/div>\n\n<\/div><\/div><div id=\"panel-1047-3-2-1\" class=\"so-panel widget widget_sow-editor\" data-index=\"13\" ><div class=\"panel-widget-style panel-widget-style-for-1047-3-2-1\" ><div\n\t\t\t\n\t\t\tclass=\"so-widget-sow-editor so-widget-sow-editor-base\"\n\t\t\t\n\t\t>\n<div class=\"siteorigin-widget-tinymce textwidget\">\n\t<h3>Industrie + Recyclage<\/h3>\n<p>Les installations de nos grutage ouvrent de nouvelles perspectives et augmentent le rendement op\u00e9rationnel.<\/p>\n<\/div>\n<\/div><\/div><\/div><div id=\"panel-1047-3-2-2\" class=\"so-panel widget widget_sow-button panel-last-child\" data-index=\"14\" ><div class=\"panel-widget-style panel-widget-style-for-1047-3-2-2\" ><div\n\t\t\t\n\t\t\tclass=\"so-widget-sow-button so-widget-sow-button-atom-ef6f1da60ece-1047\"\n\t\t\t\n\t\t><div class=\"ow-button-base ow-button-align-left\"\n>\n\t\t\t<a\n\t\t\t\t\thref=\"https:\/\/kieblerag.ch\/industrie-recycling\/\"\n\t\t\t\t\tclass=\"button sowb-button ow-icon-placement-left ow-button-hover\" \t>\n\t\t<span>\n\t\t\t\n\t\t\tPlus\t\t<\/span>\n\t\t\t<\/a>\n\t<\/div>\n<\/div><\/div><\/div><\/div><\/div><div id=\"pgc-1047-3-3\"  class=\"panel-grid-cell\" ><div class=\"panel-cell-style panel-cell-style-for-1047-3-3\" ><div id=\"panel-1047-3-3-0\" class=\"so-panel widget widget_sow-image panel-first-child\" data-index=\"15\" ><div\n\t\t\t\n\t\t\tclass=\"so-widget-sow-image so-widget-sow-image-default-8b5b6f678277-1047\"\n\t\t\t\n\t\t>\n<div class=\"sow-image-container\">\n\t\t\t<a href=\"https:\/\/kieblerag.ch\/service\/\"\n\t\t\t\t\t>\n\t\t\t<img \n\tsrc=\"https:\/\/kieblerag.ch\/wp2018\/wp-content\/uploads\/2018\/09\/kiebler-service_grau.jpg\" width=\"1500\" height=\"1000\" srcset=\"https:\/\/kieblerag.ch\/wp2018\/wp-content\/uploads\/2018\/09\/kiebler-service_grau.jpg 1500w, https:\/\/kieblerag.ch\/wp2018\/wp-content\/uploads\/2018\/09\/kiebler-service_grau-300x200.jpg 300w, https:\/\/kieblerag.ch\/wp2018\/wp-content\/uploads\/2018\/09\/kiebler-service_grau-768x512.jpg 768w, https:\/\/kieblerag.ch\/wp2018\/wp-content\/uploads\/2018\/09\/kiebler-service_grau-1024x683.jpg 1024w, https:\/\/kieblerag.ch\/wp2018\/wp-content\/uploads\/2018\/09\/kiebler-service_grau-1000x667.jpg 1000w, https:\/\/kieblerag.ch\/wp2018\/wp-content\/uploads\/2018\/09\/kiebler-service_grau-272x182.jpg 272w\" sizes=\"(max-width: 1500px) 100vw, 1500px\" alt=\"\" \t\tclass=\"so-widget-image\"\/>\n\t\t\t<\/a><\/div>\n\n<\/div><\/div><div id=\"panel-1047-3-3-1\" class=\"so-panel widget widget_sow-editor\" data-index=\"16\" ><div class=\"panel-widget-style panel-widget-style-for-1047-3-3-1\" ><div\n\t\t\t\n\t\t\tclass=\"so-widget-sow-editor so-widget-sow-editor-base\"\n\t\t\t\n\t\t>\n<div class=\"siteorigin-widget-tinymce textwidget\">\n\t<h3>Service<\/h3>\n<p>Nous nous engageons \u00e0 vos c\u00f4t\u00e9s, planifions avec vous et sommes votre partenaire apr\u00e8s l\u2019achat : selon un plan d\u00e9fini ou \u00e0 chaque fois que vous avez besoin.<\/p>\n<\/div>\n<\/div><\/div><\/div><div id=\"panel-1047-3-3-2\" class=\"so-panel widget widget_sow-button panel-last-child\" data-index=\"17\" ><div class=\"panel-widget-style panel-widget-style-for-1047-3-3-2\" ><div\n\t\t\t\n\t\t\tclass=\"so-widget-sow-button so-widget-sow-button-atom-ef6f1da60ece-1047\"\n\t\t\t\n\t\t><div class=\"ow-button-base ow-button-align-left\"\n>\n\t\t\t<a\n\t\t\t\t\thref=\"https:\/\/kieblerag.ch\/service\/\"\n\t\t\t\t\tclass=\"button sowb-button ow-icon-placement-left ow-button-hover\" \t>\n\t\t<span>\n\t\t\t\n\t\t\tPlus\t\t<\/span>\n\t\t\t<\/a>\n\t<\/div>\n<\/div><\/div><\/div><\/div><\/div><\/div><\/div><div id=\"pg-1047-4\"  class=\"panel-grid panel-has-style\" ><div class=\"siteorigin-panels-stretch panel-row-style panel-row-style-for-1047-4\" data-stretch-type=\"full\" ><div id=\"pgc-1047-4-0\"  class=\"panel-grid-cell\" ><div id=\"panel-1047-4-0-0\" class=\"so-panel widget widget_sow-editor panel-first-child panel-last-child\" data-index=\"18\" ><div\n\t\t\t\n\t\t\tclass=\"so-widget-sow-editor so-widget-sow-editor-base\"\n\t\t\t\n\t\t>\n<div class=\"siteorigin-widget-tinymce textwidget\">\n\t<h2 style=\"text-align: center;\">News<\/h2>\n<\/div>\n<\/div><\/div><\/div><\/div><\/div><\/div>","protected":false},"excerpt":{"rendered":"<p>Montr\u00e9 en 240 secondes ce que nous pouvons faire pour vous : notre vid\u00e9o d&rsquo;entreprise.<\/p>\n","protected":false},"author":3,"featured_media":0,"parent":0,"menu_order":0,"comment_status":"closed","ping_status":"closed","template":"page-Home.php","meta":{"footnotes":""},"class_list":["post-1047","page","type-page","status-publish","hentry"],"_links":{"self":[{"href":"https:\/\/kieblerag.ch\/fr\/wp-json\/wp\/v2\/pages\/1047","targetHints":{"allow":["GET"]}}],"collection":[{"href":"https:\/\/kieblerag.ch\/fr\/wp-json\/wp\/v2\/pages"}],"about":[{"href":"https:\/\/kieblerag.ch\/fr\/wp-json\/wp\/v2\/types\/page"}],"author":[{"embeddable":true,"href":"https:\/\/kieblerag.ch\/fr\/wp-json\/wp\/v2\/users\/3"}],"replies":[{"embeddable":true,"href":"https:\/\/kieblerag.ch\/fr\/wp-json\/wp\/v2\/comments?post=1047"}],"version-history":[{"count":34,"href":"https:\/\/kieblerag.ch\/fr\/wp-json\/wp\/v2\/pages\/1047\/revisions"}],"predecessor-version":[{"id":5034,"href":"https:\/\/kieblerag.ch\/fr\/wp-json\/wp\/v2\/pages\/1047\/revisions\/5034"}],"wp:attachment":[{"href":"https:\/\/kieblerag.ch\/fr\/wp-json\/wp\/v2\/media?parent=1047"}],"curies":[{"name":"wp","href":"https:\/\/api.w.org\/{rel}","templated":true}]}}