{"id":1007,"date":"2018-10-16T13:51:11","date_gmt":"2018-10-16T11:51:11","guid":{"rendered":"https:\/\/kieblerag.ch\/wp2018\/?page_id=1007"},"modified":"2018-11-02T08:55:27","modified_gmt":"2018-11-02T07:55:27","slug":"used-machines","status":"publish","type":"page","link":"https:\/\/kieblerag.ch\/en\/used-machines\/","title":{"rendered":"Used machines"},"content":{"rendered":"<div id=\"pl-1007\"  class=\"panel-layout\" ><div id=\"pg-1007-0\"  class=\"panel-grid panel-has-style\" ><div class=\"siteorigin-panels-stretch panel-row-style panel-row-style-for-1007-0\" id=\"industriekrananlagen\" data-stretch-type=\"full\" ><div id=\"pgc-1007-0-0\"  class=\"panel-grid-cell\" ><div id=\"panel-1007-0-0-0\" class=\"so-panel widget widget_sow-editor panel-first-child panel-last-child\" data-index=\"0\" ><div\n\t\t\t\n\t\t\tclass=\"so-widget-sow-editor so-widget-sow-editor-base\"\n\t\t\t\n\t\t>\n<div class=\"siteorigin-widget-tinymce textwidget\">\n\t<h1>Used machines<\/h1>\n<\/div>\n<\/div><\/div><\/div><\/div><\/div><div id=\"pg-1007-1\"  class=\"panel-grid panel-has-style\" ><div class=\"siteorigin-panels-stretch panel-row-style panel-row-style-for-1007-1\" data-stretch-type=\"full\" ><div id=\"pgc-1007-1-0\"  class=\"panel-grid-cell\" ><div id=\"panel-1007-1-0-0\" class=\"so-panel widget widget_sow-editor panel-first-child\" data-index=\"1\" ><div\n\t\t\t\n\t\t\tclass=\"so-widget-sow-editor so-widget-sow-editor-base\"\n\t\t\t\n\t\t>\n<div class=\"siteorigin-widget-tinymce textwidget\">\n\t<h3>GESUCHT - GEFUNDEN<\/h3>\n<p>S\u00e4mtliche Gebrauchtmaschinen werden ab Werk Zihlschlacht und sofern nichts anderes beschrieben ohne Garantie verkauft. Weitere Angebote finden Sie auf unserem <a href=\"https:\/\/www.ricardo.ch\/de\/shop\/kieblerag\" target=\"_blank\" rel=\"noopener\">Ricardo-Verk\u00e4uferprofil<\/a>&nbsp;oder <a href=\"http:\/\/www.agropool.ch\" target=\"_blank\" rel=\"noopener\">www.agropool.ch<\/a>. Wir suchen laufend gepflegte KIEBLER-Gebrauchtmaschinen.<\/p>\n<\/div>\n<\/div><\/div><div id=\"panel-1007-1-0-1\" class=\"so-panel widget widget_sow-button panel-last-child\" data-index=\"2\" ><div\n\t\t\t\n\t\t\tclass=\"so-widget-sow-button so-widget-sow-button-atom-ef6f1da60ece-1007\"\n\t\t\t\n\t\t><div class=\"ow-button-base ow-button-align-left\"\n>\n\t\t\t<a\n\t\t\t\t\thref=\"https:\/\/kieblerag.ch\/kontakt\/\"\n\t\t\t\t\tclass=\"button sowb-button ow-icon-placement-left ow-button-hover\" \t>\n\t\t<span>\n\t\t\t\n\t\t\tKontakt\t\t<\/span>\n\t\t\t<\/a>\n\t<\/div>\n<\/div><\/div><\/div><\/div><\/div><div id=\"pg-1007-2\"  class=\"panel-grid panel-has-style\" ><div class=\"siteorigin-panels-stretch panel-row-style panel-row-style-for-1007-2\" data-stretch-type=\"full\" ><div id=\"pgc-1007-2-0\"  class=\"panel-grid-cell\" ><div class=\"panel-cell-style panel-cell-style-for-1007-2-0\" ><div id=\"panel-1007-2-0-0\" class=\"so-panel widget widget_sow-image panel-first-child\" data-index=\"3\" ><div\n\t\t\t\n\t\t\tclass=\"so-widget-sow-image so-widget-sow-image-default-8b5b6f678277-1007\"\n\t\t\t\n\t\t>\n<div class=\"sow-image-container\">\n\t\t<img \n\tsrc=\"https:\/\/kieblerag.ch\/wp2018\/wp-content\/uploads\/2018\/09\/Verteiler-1024x683.jpg\" width=\"1024\" height=\"683\" srcset=\"https:\/\/kieblerag.ch\/wp2018\/wp-content\/uploads\/2018\/09\/Verteiler-1024x683.jpg 1024w, https:\/\/kieblerag.ch\/wp2018\/wp-content\/uploads\/2018\/09\/Verteiler-300x200.jpg 300w, https:\/\/kieblerag.ch\/wp2018\/wp-content\/uploads\/2018\/09\/Verteiler-768x512.jpg 768w, https:\/\/kieblerag.ch\/wp2018\/wp-content\/uploads\/2018\/09\/Verteiler-1000x667.jpg 1000w, https:\/\/kieblerag.ch\/wp2018\/wp-content\/uploads\/2018\/09\/Verteiler-272x182.jpg 272w, https:\/\/kieblerag.ch\/wp2018\/wp-content\/uploads\/2018\/09\/Verteiler.jpg 1500w\" sizes=\"(max-width: 1024px) 100vw, 1024px\" alt=\"\" \t\tclass=\"so-widget-image\"\/>\n\t<\/div>\n\n<\/div><\/div><div id=\"panel-1007-2-0-1\" class=\"so-panel widget widget_sow-editor\" data-index=\"4\" ><div class=\"panel-widget-style panel-widget-style-for-1007-2-0-1\" ><div\n\t\t\t\n\t\t\tclass=\"so-widget-sow-editor so-widget-sow-editor-base\"\n\t\t\t\n\t\t>\n<div class=\"siteorigin-widget-tinymce textwidget\">\n\t<h3>Teleskopverteiler<\/h3>\n<p>Laufend am Lager, verschiedene Teleskopverteiler. Laufschienen, Motoren, Steuerk\u00e4sten etc. Fragen Sie uns an!<\/p>\n<\/div>\n<\/div><\/div><\/div><div id=\"panel-1007-2-0-2\" class=\"so-panel widget widget_sow-button panel-last-child\" data-index=\"5\" ><div class=\"panel-widget-style panel-widget-style-for-1007-2-0-2\" ><div\n\t\t\t\n\t\t\tclass=\"so-widget-sow-button so-widget-sow-button-atom-ef6f1da60ece-1007\"\n\t\t\t\n\t\t><div class=\"ow-button-base ow-button-align-left\"\n>\n\t\t\t<a\n\t\t\t\t\thref=\"https:\/\/kieblerag.ch\/kontakt\/\"\n\t\t\t\t\tclass=\"button sowb-button ow-icon-placement-left ow-button-hover\" \t>\n\t\t<span>\n\t\t\t\n\t\t\tPreis auf Anfrage\t\t<\/span>\n\t\t\t<\/a>\n\t<\/div>\n<\/div><\/div><\/div><\/div><\/div><div id=\"pgc-1007-2-1\"  class=\"panel-grid-cell\" ><div class=\"panel-cell-style panel-cell-style-for-1007-2-1\" ><div id=\"panel-1007-2-1-0\" class=\"so-panel widget widget_sow-image panel-first-child\" data-index=\"6\" ><div\n\t\t\t\n\t\t\tclass=\"so-widget-sow-image so-widget-sow-image-default-8b5b6f678277-1007\"\n\t\t\t\n\t\t>\n<div class=\"sow-image-container\">\n\t\t<img \n\tsrc=\"https:\/\/kieblerag.ch\/wp2018\/wp-content\/uploads\/2018\/09\/Gebla\u0308se-1024x683.jpg\" width=\"1024\" height=\"683\" srcset=\"https:\/\/kieblerag.ch\/wp2018\/wp-content\/uploads\/2018\/09\/Gebla\u0308se-1024x683.jpg 1024w, https:\/\/kieblerag.ch\/wp2018\/wp-content\/uploads\/2018\/09\/Gebla\u0308se-300x200.jpg 300w, https:\/\/kieblerag.ch\/wp2018\/wp-content\/uploads\/2018\/09\/Gebla\u0308se-768x512.jpg 768w, https:\/\/kieblerag.ch\/wp2018\/wp-content\/uploads\/2018\/09\/Gebla\u0308se-1000x667.jpg 1000w, https:\/\/kieblerag.ch\/wp2018\/wp-content\/uploads\/2018\/09\/Gebla\u0308se-272x182.jpg 272w, https:\/\/kieblerag.ch\/wp2018\/wp-content\/uploads\/2018\/09\/Gebla\u0308se.jpg 1500w\" sizes=\"(max-width: 1024px) 100vw, 1024px\" alt=\"\" \t\tclass=\"so-widget-image\"\/>\n\t<\/div>\n\n<\/div><\/div><div id=\"panel-1007-2-1-1\" class=\"so-panel widget widget_sow-editor\" data-index=\"7\" ><div class=\"panel-widget-style panel-widget-style-for-1007-2-1-1\" ><div\n\t\t\t\n\t\t\tclass=\"so-widget-sow-editor so-widget-sow-editor-base\"\n\t\t\t\n\t\t>\n<div class=\"siteorigin-widget-tinymce textwidget\">\n\t<h3>Heugebl\u00e4se<\/h3>\n<p>Laufend ab Lager, verschiedene Heu- und Silagegebl\u00e4se mit verschiedenen Motorisierungen. Fragen Sie uns an!<\/p>\n<\/div>\n<\/div><\/div><\/div><div id=\"panel-1007-2-1-2\" class=\"so-panel widget widget_sow-button panel-last-child\" data-index=\"8\" ><div class=\"panel-widget-style panel-widget-style-for-1007-2-1-2\" ><div\n\t\t\t\n\t\t\tclass=\"so-widget-sow-button so-widget-sow-button-atom-ef6f1da60ece-1007\"\n\t\t\t\n\t\t><div class=\"ow-button-base ow-button-align-left\"\n>\n\t\t\t<a\n\t\t\t\t\thref=\"https:\/\/kieblerag.ch\/kontakt\/\"\n\t\t\t\t\tclass=\"button sowb-button ow-icon-placement-left ow-button-hover\" \t>\n\t\t<span>\n\t\t\t\n\t\t\tPreis auf Anfrage\t\t<\/span>\n\t\t\t<\/a>\n\t<\/div>\n<\/div><\/div><\/div><\/div><\/div><div id=\"pgc-1007-2-2\"  class=\"panel-grid-cell\" ><div class=\"panel-cell-style panel-cell-style-for-1007-2-2\" ><div id=\"panel-1007-2-2-0\" class=\"so-panel widget widget_sow-image panel-first-child\" data-index=\"9\" ><div\n\t\t\t\n\t\t\tclass=\"so-widget-sow-image so-widget-sow-image-default-8b5b6f678277-1007\"\n\t\t\t\n\t\t>\n<div class=\"sow-image-container\">\n\t\t<img \n\tsrc=\"https:\/\/kieblerag.ch\/wp2018\/wp-content\/uploads\/2018\/09\/Dosieranlagen-1024x683.jpg\" width=\"1024\" height=\"683\" srcset=\"https:\/\/kieblerag.ch\/wp2018\/wp-content\/uploads\/2018\/09\/Dosieranlagen-1024x683.jpg 1024w, https:\/\/kieblerag.ch\/wp2018\/wp-content\/uploads\/2018\/09\/Dosieranlagen-300x200.jpg 300w, https:\/\/kieblerag.ch\/wp2018\/wp-content\/uploads\/2018\/09\/Dosieranlagen-768x512.jpg 768w, https:\/\/kieblerag.ch\/wp2018\/wp-content\/uploads\/2018\/09\/Dosieranlagen-1000x667.jpg 1000w, https:\/\/kieblerag.ch\/wp2018\/wp-content\/uploads\/2018\/09\/Dosieranlagen-272x182.jpg 272w, https:\/\/kieblerag.ch\/wp2018\/wp-content\/uploads\/2018\/09\/Dosieranlagen.jpg 1500w\" sizes=\"(max-width: 1024px) 100vw, 1024px\" alt=\"\" \t\tclass=\"so-widget-image\"\/>\n\t<\/div>\n\n<\/div><\/div><div id=\"panel-1007-2-2-1\" class=\"so-panel widget widget_sow-editor\" data-index=\"10\" ><div class=\"panel-widget-style panel-widget-style-for-1007-2-2-1\" ><div\n\t\t\t\n\t\t\tclass=\"so-widget-sow-editor so-widget-sow-editor-base\"\n\t\t\t\n\t\t>\n<div class=\"siteorigin-widget-tinymce textwidget\">\n\t<h3>Dosierger\u00e4te<br \/>\nF\u00f6rdermaten<\/h3>\n<p>Laufend ab Lager, verschiedene Dosierger\u00e4te wie; Gassner, Kiebler, Agrar auch sep. Querf\u00f6rderb\u00e4nder. Fragen Sie uns an.<\/p>\n<\/div>\n<\/div><\/div><\/div><div id=\"panel-1007-2-2-2\" class=\"so-panel widget widget_sow-button panel-last-child\" data-index=\"11\" ><div class=\"panel-widget-style panel-widget-style-for-1007-2-2-2\" ><div\n\t\t\t\n\t\t\tclass=\"so-widget-sow-button so-widget-sow-button-atom-ef6f1da60ece-1007\"\n\t\t\t\n\t\t><div class=\"ow-button-base ow-button-align-left\"\n>\n\t\t\t<a\n\t\t\t\t\thref=\"https:\/\/kieblerag.ch\/kontakt\/\"\n\t\t\t\t\tclass=\"button sowb-button ow-icon-placement-left ow-button-hover\" \t>\n\t\t<span>\n\t\t\t\n\t\t\tPreis auf Anfrage\t\t<\/span>\n\t\t\t<\/a>\n\t<\/div>\n<\/div><\/div><\/div><\/div><\/div><\/div><\/div><\/div>","protected":false},"excerpt":{"rendered":"<p>Used machines GESUCHT &#8211; GEFUNDEN S\u00e4mtliche Gebrauchtmaschinen werden ab Werk Zihlschlacht und sofern nichts anderes beschrieben &hellip;<\/p>\n<p class=\"p-button\"><a class=\"button-weiss\" href=\"https:\/\/kieblerag.ch\/en\/used-machines\/\">continue reading<\/a><\/p>\n","protected":false},"author":3,"featured_media":0,"parent":0,"menu_order":0,"comment_status":"closed","ping_status":"closed","template":"","meta":{"footnotes":""},"class_list":["post-1007","page","type-page","status-publish","hentry"],"_links":{"self":[{"href":"https:\/\/kieblerag.ch\/en\/wp-json\/wp\/v2\/pages\/1007","targetHints":{"allow":["GET"]}}],"collection":[{"href":"https:\/\/kieblerag.ch\/en\/wp-json\/wp\/v2\/pages"}],"about":[{"href":"https:\/\/kieblerag.ch\/en\/wp-json\/wp\/v2\/types\/page"}],"author":[{"embeddable":true,"href":"https:\/\/kieblerag.ch\/en\/wp-json\/wp\/v2\/users\/3"}],"replies":[{"embeddable":true,"href":"https:\/\/kieblerag.ch\/en\/wp-json\/wp\/v2\/comments?post=1007"}],"version-history":[{"count":2,"href":"https:\/\/kieblerag.ch\/en\/wp-json\/wp\/v2\/pages\/1007\/revisions"}],"predecessor-version":[{"id":1363,"href":"https:\/\/kieblerag.ch\/en\/wp-json\/wp\/v2\/pages\/1007\/revisions\/1363"}],"wp:attachment":[{"href":"https:\/\/kieblerag.ch\/en\/wp-json\/wp\/v2\/media?parent=1007"}],"curies":[{"name":"wp","href":"https:\/\/api.w.org\/{rel}","templated":true}]}}